{"id":645,"date":"2019-02-11T15:11:13","date_gmt":"2019-02-11T15:11:13","guid":{"rendered":"https:\/\/demosites.io\/onboarding-gutenberg\/?page_id=645"},"modified":"2025-11-14T22:48:52","modified_gmt":"2025-11-14T22:48:52","slug":"5b349-home","status":"publish","type":"page","link":"https:\/\/dnexus.se\/","title":{"rendered":""},"content":{"rendered":"\n<div class=\"wp-container-2 wp-block-columns\">\n<div class=\"wp-container-1 wp-block-column\">\n<div class=\"wp-block-cover\" id=\"section-1\"><span aria-hidden=\"true\" class=\"wp-block-cover__background has-background-dim\"><\/span><img loading=\"lazy\" width=\"1568\" height=\"980\" class=\"wp-block-cover__image-background wp-image-1054\" alt=\"\" src=\"https:\/\/dnexus.se\/wp-content\/uploads\/2024\/11\/futuristic-blue-lowpoly-butterfly-abstract-technology-background-artificial-intelligence-digital-transformation-and-big-data-concept-business-quantum-internet-network-communication-evolution-concept-vector.jpg\" data-object-fit=\"cover\" srcset=\"https:\/\/dnexus.se\/wp-content\/uploads\/2024\/11\/futuristic-blue-lowpoly-butterfly-abstract-technology-background-artificial-intelligence-digital-transformation-and-big-data-concept-business-quantum-internet-network-communication-evolution-concept-vector.jpg 1568w, https:\/\/dnexus.se\/wp-content\/uploads\/2024\/11\/futuristic-blue-lowpoly-butterfly-abstract-technology-background-artificial-intelligence-digital-transformation-and-big-data-concept-business-quantum-internet-network-communication-evolution-concept-vector-300x188.jpg 300w, https:\/\/dnexus.se\/wp-content\/uploads\/2024\/11\/futuristic-blue-lowpoly-butterfly-abstract-technology-background-artificial-intelligence-digital-transformation-and-big-data-concept-business-quantum-internet-network-communication-evolution-concept-vector-1024x640.jpg 1024w, https:\/\/dnexus.se\/wp-content\/uploads\/2024\/11\/futuristic-blue-lowpoly-butterfly-abstract-technology-background-artificial-intelligence-digital-transformation-and-big-data-concept-business-quantum-internet-network-communication-evolution-concept-vector-768x480.jpg 768w, https:\/\/dnexus.se\/wp-content\/uploads\/2024\/11\/futuristic-blue-lowpoly-butterfly-abstract-technology-background-artificial-intelligence-digital-transformation-and-big-data-concept-business-quantum-internet-network-communication-evolution-concept-vector-1536x960.jpg 1536w\" sizes=\"(max-width: 1568px) 100vw, 1568px\" \/><div class=\"wp-block-cover__inner-container\">\n<p class=\"has-text-align-left has-large-font-size\">Omvandla din data till en konkurrensf\u00f6rdel<\/p>\n<\/div><\/div>\n<\/div>\n<\/div>\n\n\n\n<div style=\"height:0px\" aria-hidden=\"true\" class=\"wp-block-spacer\"><\/div>\n\n\n<div class=\"wp-block-image\">\n<figure class=\"aligncenter size-full is-resized\"><img loading=\"lazy\" src=\"https:\/\/dnexus.se\/wp-content\/uploads\/2024\/03\/cropped-dnexus.png\" alt=\"\" class=\"wp-image-857\" width=\"76\" height=\"63\"\/><\/figure><\/div>\n\n\n<p class=\"has-text-align-center\" style=\"font-size:15px\">Vi erbjuder en kostnadseffektiv plattform d\u00e4r vi analyserar, automatiserar och presenterar skr\u00e4ddarsydda BI-rapporter, prediktiva insikter och interaktiva appar.<\/p>\n\n\n\n<p class=\"has-text-align-center\" style=\"font-size:15px\">Digital transformation \u2013 till ett pris du har r\u00e5d med!<\/p>\n\n\n\n<div style=\"height:106px\" aria-hidden=\"true\" class=\"wp-block-spacer\"><\/div>\n\n\n\n<div id=\"section-2\" class=\"wp-block-themeisle-blocks-advanced-columns alignfull has-2-columns has-desktop-equal-layout has-tablet-collapsedRows-layout has-mobile-collapsedRows-layout has-vertical-center ticss-a22bf11a\"><div class=\"wp-block-themeisle-blocks-advanced-columns-overlay\"><\/div><div class=\"innerblocks-wrap\">\n<div id=\"wp-block-themeisle-blocks-advanced-column-078922ad\" class=\"wp-block-themeisle-blocks-advanced-column about-content animated fadeInRight slow\">\n<p class=\"has-text-align-center has-small-font-size\"><\/p>\n\n\n\n<div style=\"height:81px\" aria-hidden=\"true\" class=\"wp-block-spacer\"><\/div>\n\n\n\n<p><\/p>\n\n\n\n<p><\/p>\n\n\n\n<p><\/p>\n\n\n\n<h2 id=\"wp-block-themeisle-blocks-advanced-heading-8c171124\" class=\"wp-block-themeisle-blocks-advanced-heading wp-block-themeisle-blocks-advanced-heading-8c171124\">Om oss<\/h2>\n\n\n\n<p class=\"has-text-align-center has-text-color\" style=\"color:#5c5c5c;font-size:15px\"><strong>Dags att ta n\u00e4sta steg i digitaliseringen!<\/strong><br><br> DNEXUS tar hand om allt: du laddar upp din data via en s\u00e4ker filhanterare, vi orkestrerar fl\u00f6den, transformerar r\u00e5data till klar information, lagrar den effektivt och levererar interaktiva dashboards samt anpassade appar. Allt med ett enda klick \u2013 s\u00e5 att du fattar beslut s\u00e5 fort data finns tillg\u00e4nglig.<\/p>\n<\/div>\n\n\n\n<div id=\"wp-block-themeisle-blocks-advanced-column-1a65bc04\" class=\"wp-block-themeisle-blocks-advanced-column\">\n<div id=\"wp-block-themeisle-blocks-advanced-columns-b31cef68\" class=\"wp-block-themeisle-blocks-advanced-columns has-1-columns has-desktop-equal-layout hide-in-tablet hide-in-mobile has-vertical-unset\"><div class=\"wp-block-themeisle-blocks-advanced-columns-overlay\"><\/div><div class=\"innerblocks-wrap\">\n<div id=\"wp-block-themeisle-blocks-advanced-column-62b91601\" class=\"wp-block-themeisle-blocks-advanced-column\"><div class=\"wp-block-image is-style-default ticss-07c73823\">\n<figure class=\"alignright size-full is-resized\"><img loading=\"lazy\" src=\"https:\/\/dnexus.se\/wp-content\/uploads\/2025\/11\/grok-video-e3cd1167-9791-4669-9ae4-3cd38d267d8d.gif\" alt=\"\" class=\"wp-image-1498\" width=\"508\" height=\"381\"\/><\/figure><\/div><\/div>\n<\/div><\/div>\n<\/div>\n<\/div><\/div>\n\n\n\n<div style=\"height:71px\" aria-hidden=\"true\" class=\"wp-block-spacer\"><\/div>\n\n\n\n<div id=\"section-3\" class=\"wp-block-themeisle-blocks-advanced-columns alignfull has-1-columns has-desktop-equal-layout has-tablet-collapsedRows-layout has-mobile-collapsedRows-layout has-vertical-center\"><div class=\"wp-block-themeisle-blocks-advanced-columns-overlay\"><\/div><div class=\"innerblocks-wrap\">\n<div id=\"wp-block-themeisle-blocks-advanced-column-27868c96\" class=\"wp-block-themeisle-blocks-advanced-column about-content animated fadeInLeft slow\">\n<div style=\"height:6px\" aria-hidden=\"true\" class=\"wp-block-spacer\"><\/div>\n\n\n\n<p class=\"has-text-align-center has-nv-dark-bg-color has-text-color\" style=\"font-size:15px\">V\u00e5r molnbaserade plattform DNEXUS Insights \u00e4r enkel att anv\u00e4nda och f\u00f6rvandlar din data till v\u00e4rdefulla analyser, prognoser och KPI-dashboards.<\/p>\n\n\n<div class=\"wp-block-image\">\n<figure class=\"aligncenter size-full is-resized\"><img loading=\"lazy\" src=\"https:\/\/dnexus.se\/wp-content\/uploads\/2025\/11\/DNExus-insights-4.png\" alt=\"\" class=\"wp-image-1482\" width=\"205\" height=\"165\" srcset=\"https:\/\/dnexus.se\/wp-content\/uploads\/2025\/11\/DNExus-insights-4.png 319w, https:\/\/dnexus.se\/wp-content\/uploads\/2025\/11\/DNExus-insights-4-300x243.png 300w\" sizes=\"(max-width: 205px) 100vw, 205px\" \/><\/figure><\/div><\/div>\n<\/div><\/div>\n\n\n\n<div style=\"height:2px\" aria-hidden=\"true\" class=\"wp-block-spacer\"><\/div>\n\n\n\n<div style=\"height:0px\" aria-hidden=\"true\" class=\"wp-block-spacer\"><\/div>\n\n\n\n<div class=\"wp-container-3 is-content-justification-center is-nowrap wp-block-buttons ticss-00218e81\">\n<div class=\"wp-block-button has-custom-width wp-block-button__width-50 has-custom-font-size ticss-7e52e982 is-style-primary has-medium-font-size\"><a class=\"wp-block-button__link has-background\" href=\"https:\/\/insights.dnexus.se\/\" style=\"border-radius:55px;background-color:#275769\" target=\"_blank\" rel=\"noreferrer noopener\">SIGN IN<\/a><\/div>\n<\/div>\n\n\n\n<div style=\"height:106px\" aria-hidden=\"true\" class=\"wp-block-spacer\"><\/div>\n\n\n<div class=\"wp-block-image\">\n<figure class=\"aligncenter size-large\" id=\"section-4\"><img loading=\"lazy\" width=\"1024\" height=\"563\" src=\"https:\/\/dnexus.se\/wp-content\/uploads\/2025\/11\/platform-jpg-1024x563.jpg\" alt=\"\" class=\"wp-image-1485\" srcset=\"https:\/\/dnexus.se\/wp-content\/uploads\/2025\/11\/platform-jpg-1024x563.jpg 1024w, https:\/\/dnexus.se\/wp-content\/uploads\/2025\/11\/platform-jpg-300x165.jpg 300w, https:\/\/dnexus.se\/wp-content\/uploads\/2025\/11\/platform-jpg-768x422.jpg 768w, https:\/\/dnexus.se\/wp-content\/uploads\/2025\/11\/platform-jpg.jpg 1252w\" sizes=\"(max-width: 1024px) 100vw, 1024px\" \/><figcaption>Schematisk \u00f6versikt \u00f6ver v\u00e5ran molnbaserade plattform DNexus Insights<\/figcaption><\/figure><\/div>\n\n\n<div style=\"height:212px\" aria-hidden=\"true\" class=\"wp-block-spacer\"><\/div>\n\n\n\n<div id=\"section-5\" class=\"wp-block-themeisle-blocks-advanced-columns alignfull has-1-columns has-desktop-equal-layout has-tablet-collapsedRows-layout has-mobile-collapsedRows-layout has-vertical-center\"><div class=\"wp-block-themeisle-blocks-advanced-columns-overlay\"><\/div><div class=\"innerblocks-wrap\">\n<div id=\"wp-block-themeisle-blocks-advanced-column-7f0f21ab\" class=\"wp-block-themeisle-blocks-advanced-column about-content animated fadeInLeft slow ticss-a37f65b6\">\n<p><\/p>\n\n\n\n<h2 id=\"wp-block-themeisle-blocks-advanced-heading-dc44117d\" class=\"wp-block-themeisle-blocks-advanced-heading wp-block-themeisle-blocks-advanced-heading-dc44117d\"> <\/h2>\n\n\n\n<p><\/p>\n\n\n\n<p><\/p>\n\n\n\n<p><\/p>\n\n\n\n<p><\/p>\n\n\n\n<p><\/p>\n\n\n\n<p><\/p>\n\n\n\n<p><\/p>\n\n\n\n<p><\/p>\n\n\n\n<h2 id=\"wp-block-themeisle-blocks-advanced-heading-f585acfb\" class=\"wp-block-themeisle-blocks-advanced-heading wp-block-themeisle-blocks-advanced-heading-f585acfb\">Din Data p\u00e5 dina villkor<\/h2>\n\n\n\n<p class=\"has-text-align-center has-text-color\" style=\"color:#5c5c5c\"><strong>H\u00f6gsta s\u00e4kerhetsstandard &#8211; utan kompromisser<\/strong><\/p>\n\n\n\n<p class=\"has-text-align-center\" style=\"font-size:15px\">DNEXUS Insights skyddar din data med marknadsledande s\u00e4kerhetsl\u00f6sningar. Vi anv\u00e4nder Auth0 f\u00f6r s\u00e4ker inloggning med m\u00f6jlighet till multifaktorautentisering (MFA).<\/p>\n\n\n\n<p class=\"has-text-align-center\" style=\"font-size:15px\">Din data krypteras och lagras p\u00e5 v\u00e5ra servrar inom EU. Genom v\u00e5r s\u00e4kra filhantering har du alltid full kontroll \u00f6ver din information.<\/p>\n\n\n\n<p class=\"has-text-align-center\" style=\"font-size:15px\">Du \u00e4ger alltid din data och kan n\u00e4r som helst \u00e5terkalla delningen. Din integritet \u00e4r v\u00e5r h\u00f6gsta prioritet.<\/p>\n<\/div>\n<\/div><\/div>\n\n\n<div class=\"wp-block-image is-style-rounded\">\n<figure class=\"aligncenter size-full is-resized\"><img loading=\"lazy\" src=\"https:\/\/dnexus.se\/wp-content\/uploads\/2025\/11\/shield-wordpress-dnexus.se_.gif\" alt=\"\" class=\"wp-image-1238\" width=\"98\" height=\"98\"\/><\/figure><\/div>\n\n\n<div style=\"height:113px\" aria-hidden=\"true\" class=\"wp-block-spacer\"><\/div>\n\n\n\n<div id=\"section-6\" class=\"wp-block-themeisle-blocks-advanced-columns alignfull has-1-columns has-desktop-equal-layout has-tablet-equal-layout has-mobile-equal-layout has-vertical-unset\"><div class=\"wp-block-themeisle-blocks-advanced-columns-overlay\"><\/div><div class=\"innerblocks-wrap\">\n<div id=\"wp-block-themeisle-blocks-advanced-column-6b84e975\" class=\"wp-block-themeisle-blocks-advanced-column\">\n<div style=\"height:38px\" aria-hidden=\"true\" class=\"wp-block-spacer\"><\/div>\n\n\n\n<h2 id=\"wp-block-themeisle-blocks-advanced-heading-10d42c59\" class=\"wp-block-themeisle-blocks-advanced-heading wp-block-themeisle-blocks-advanced-heading-10d42c59\">Team DNexus<\/h2>\n\n\n\n<div id=\"wp-block-themeisle-blocks-advanced-columns-8372daca\" class=\"wp-block-themeisle-blocks-advanced-columns has-2-columns has-desktop-equal-layout has-tablet-equal-layout has-mobile-collapsedRows-layout has-vertical-unset\"><div class=\"wp-block-themeisle-blocks-advanced-columns-overlay\"><\/div><div class=\"innerblocks-wrap\">\n<div id=\"wp-block-themeisle-blocks-advanced-column-d2a36943\" class=\"wp-block-themeisle-blocks-advanced-column animated fadeInLeft slow\">\n<div class=\"wp-block-themeisle-blocks-service\">\n<div class=\"wp-container-5 wp-block-columns\">\n<div class=\"wp-container-4 wp-block-column\" style=\"flex-basis:100%\"><div class=\"wp-block-image is-style-rounded\">\n<figure class=\"aligncenter size-full is-resized\"><img loading=\"lazy\" src=\"https:\/\/dnexus.se\/wp-content\/uploads\/2025\/10\/sammy2.png\" alt=\"\" class=\"wp-image-1158\" width=\"229\" height=\"229\"\/><\/figure><\/div><\/div>\n<\/div>\n\n\n\n<h6 id=\"wp-block-themeisle-blocks-advanced-heading-3839879d\" class=\"wp-block-themeisle-blocks-advanced-heading wp-block-themeisle-blocks-advanced-heading-3839879d\">Sammy Hallgren<\/h6>\n\n\n\n<p class=\"has-text-align-center\">Civilingenj\u00f6r, LTH <\/p>\n\n\n\n<p id=\"wp-block-themeisle-blocks-advanced-heading-ce54d9fb\" class=\"wp-block-themeisle-blocks-advanced-heading wp-block-themeisle-blocks-advanced-heading-ce54d9fb\">email: sammy@dnexus.se<\/p>\n<\/div>\n<\/div>\n\n\n\n<div id=\"wp-block-themeisle-blocks-advanced-column-098ece8e\" class=\"wp-block-themeisle-blocks-advanced-column ticss-2d80704f animated fadeInDown slow\">\n<div class=\"wp-block-themeisle-blocks-service\"><div class=\"wp-block-image is-style-rounded\">\n<figure class=\"aligncenter size-full is-resized\"><img loading=\"lazy\" src=\"https:\/\/dnexus.se\/wp-content\/uploads\/2020\/09\/120492002_364544158008338_4977477329995594162_n-edited.jpg\" alt=\"\" class=\"wp-image-771\" width=\"236\" height=\"236\" srcset=\"https:\/\/dnexus.se\/wp-content\/uploads\/2020\/09\/120492002_364544158008338_4977477329995594162_n-edited.jpg 828w, https:\/\/dnexus.se\/wp-content\/uploads\/2020\/09\/120492002_364544158008338_4977477329995594162_n-edited-300x300.jpg 300w, https:\/\/dnexus.se\/wp-content\/uploads\/2020\/09\/120492002_364544158008338_4977477329995594162_n-edited-150x150.jpg 150w, https:\/\/dnexus.se\/wp-content\/uploads\/2020\/09\/120492002_364544158008338_4977477329995594162_n-edited-768x769.jpg 768w\" sizes=\"(max-width: 236px) 100vw, 236px\" \/><\/figure><\/div>\n\n\n<h6 id=\"wp-block-themeisle-blocks-advanced-heading-0bc5ad78\" class=\"wp-block-themeisle-blocks-advanced-heading wp-block-themeisle-blocks-advanced-heading-0bc5ad78\">Shan Langlais<\/h6>\n\n\n\n<p class=\"has-text-align-center\">Civilingenj\u00f6r, LTH  <\/p>\n\n\n\n<p id=\"wp-block-themeisle-blocks-advanced-heading-59f304bf\" class=\"wp-block-themeisle-blocks-advanced-heading wp-block-themeisle-blocks-advanced-heading-59f304bf\">email: shan@dnexus.se<\/p>\n<\/div>\n<\/div>\n<\/div><\/div>\n<\/div>\n<\/div><\/div>\n\n\n\n<div style=\"height:100px\" aria-hidden=\"true\" class=\"wp-block-spacer\"><\/div>\n\n\n\n<div style=\"height:0px\" aria-hidden=\"true\" class=\"wp-block-spacer\"><\/div>\n\n\n\n<div id=\"section-7\" class=\"wp-block-themeisle-blocks-advanced-columns alignfull has-1-columns has-desktop-equal-layout has-tablet-equal-layout has-mobile-equal-layout has-vertical-unset ticss-c5aa1468\"><div class=\"wp-block-themeisle-blocks-advanced-columns-overlay\"><\/div><div class=\"innerblocks-wrap\">\n<div id=\"wp-block-themeisle-blocks-advanced-column-15db24f6\" class=\"wp-block-themeisle-blocks-advanced-column\">\n<div style=\"height:0px\" aria-hidden=\"true\" class=\"wp-block-spacer\"><\/div>\n\n\n\n<h2 id=\"wp-block-themeisle-blocks-advanced-heading-c8ddd128\" class=\"wp-block-themeisle-blocks-advanced-heading wp-block-themeisle-blocks-advanced-heading-c8ddd128\">Nyheter<\/h2>\n\n\n\n<div id=\"wp-block-themeisle-blocks-advanced-heading-67af23dc\" class=\"wp-block-themeisle-blocks-advanced-heading wp-block-themeisle-blocks-advanced-heading-67af23dc\"><\/div>\n\n\n\n<div id=\"wp-block-themeisle-blocks-advanced-columns-62f3c678\" class=\"wp-block-themeisle-blocks-advanced-columns has-1-columns has-desktop-equal-layout has-tablet-equal-layout has-mobile-equal-layout has-vertical-unset animated fadeInUp slow ticss-7b8703ac\"><div class=\"wp-block-themeisle-blocks-advanced-columns-overlay\"><\/div><div class=\"innerblocks-wrap\">\n<div id=\"wp-block-themeisle-blocks-advanced-column-3b9e132b\" class=\"wp-block-themeisle-blocks-advanced-column ticss-b95d4141\">\n<div class=\"wp-container-9 wp-block-group has-small-font-size\"><div class=\"wp-block-group__inner-container\">\n<div class=\"wp-container-8 wp-block-group\"><div class=\"wp-block-group__inner-container\">\n<div class=\"wp-container-7 wp-block-columns\">\n<div class=\"wp-container-6 wp-block-column\" style=\"flex-basis:100%\">\n<p><\/p>\n\n\n\n<h1 class=\"has-medium-font-size\"><a href=\"https:\/\/dnexus.se\/?p=1136\">Nya projekt med<\/a><\/h1>\n\n\n\n<figure class=\"wp-block-image is-resized\"><img loading=\"lazy\" src=\"https:\/\/dnexus.se\/wp-content\/uploads\/2025\/10\/image-1024x172.png\" alt=\"\" class=\"wp-image-1137\" width=\"341\" height=\"56\" srcset=\"https:\/\/dnexus.se\/wp-content\/uploads\/2025\/10\/image-1024x172.png 1024w, https:\/\/dnexus.se\/wp-content\/uploads\/2025\/10\/image-768x129.png 768w, https:\/\/dnexus.se\/wp-content\/uploads\/2025\/10\/image.png 1200w\" sizes=\"(max-width: 341px) 100vw, 341px\" \/><\/figure>\n\n\n\n<p style=\"font-size:15px\">Vi p\u00e5 DNexus \u00e4r stolta \u00f6ver att inleda ett sp\u00e4nnande samarbete med <a href=\"https:\/\/osbymekan.se\/\">Osby Mekan AB<\/a>, en ledande akt\u00f6r inom sk\u00e4rande bearbetning och legotillverkning av h\u00f6gprecisionskomponenter i gr\u00e5j\u00e4rn, segj\u00e4rn och aluminium.<\/p>\n\n\n\n<p style=\"font-size:15px\">Som f\u00f6rsta steg i partnerskapet p\u00e5b\u00f6rjar vi nu ett dedikerat projekt f\u00f6r att utveckla ett avancerat produktkalkylverktyg. Verktyget kommer att ge Osby Mekan realtidsm\u00f6jligheter att ber\u00e4kna kostnader, optimera priss\u00e4ttning och simulera produktionsscenarier med h\u00f6g precision \u2013 perfekt anpassat f\u00f6r deras fokus p\u00e5 fordonsindustrin, maskintillverkning och energisektorn.<\/p>\n\n\n\n<p style=\"font-size:15px\">Genom detta samarbete st\u00e4rker vi Osby Mekans processer med datadrivna insikter och automatisering, vilket leder till kortare ledtider, \u00f6kad repeterbarhet och mer konkurrenskraftiga l\u00f6sningar f\u00f6r deras kunder.<\/p>\n\n\n\n<p style=\"font-size:15px\">Tillsammans bygger vi verktyg f\u00f6r framtidens tillverkning: smartare beslutsfattande, h\u00e5llbar tillv\u00e4xt och st\u00f6rre v\u00e4rde f\u00f6r b\u00e5de Osby Mekan och deras partners i branschen.<\/p>\n\n\n\n<h1 class=\"has-medium-font-size\" style=\"font-style:normal;font-weight:400\"><a href=\"https:\/\/dnexus.se\/?p=1115\">Nytt sammarbete med<\/a><\/h1>\n\n\n\n<figure class=\"wp-block-image is-resized\"><img loading=\"lazy\" src=\"https:\/\/dnexus.se\/wp-content\/uploads\/2025\/09\/image.png\" alt=\"\" class=\"wp-image-1116\" width=\"299\" height=\"92\" srcset=\"https:\/\/dnexus.se\/wp-content\/uploads\/2025\/09\/image.png 635w, https:\/\/dnexus.se\/wp-content\/uploads\/2025\/09\/image-300x92.png 300w\" sizes=\"(max-width: 299px) 100vw, 299px\" \/><\/figure>\n\n\n\n<p style=\"font-size:15px\">Vi p\u00e5 DNexus \u00e4r glada att meddela att <a href=\"https:\/\/www.kontorspartnerlund.se\/\">Kontorspartner<\/a> nu har b\u00f6rjat anv\u00e4nda v\u00e5r plattform DNexus Insights. Genom plattformen kan Kontorspartner analysera sina processer med datadrivna insikter, b\u00e4ttre uppf\u00f6ljning och tydliga dashboards.<\/p>\n\n\n\n<p style=\"font-size:15px\">Som en del av samarbetet har vi \u00e4ven utvecklat en app f\u00f6r orderhantering, d\u00e4r Kontorspartners leveranspersonal enkelt kan se dagens ordrar, markera utf\u00f6rda leveranser och f\u00e5 en realtids\u00f6versikt. Detta bidrar till en mer effektiv arbetsdag och en \u00e4nnu b\u00e4ttre kundupplevelse.<\/p>\n\n\n\n<p style=\"font-size:15px\">Ut\u00f6ver detta inleder vi \u00e4ven ett samarbete p\u00e5 s\u00e4ljsidan, vilket st\u00e4rker v\u00e5ra gemensamma m\u00f6jligheter till tillv\u00e4xt och skapar nya aff\u00e4rsm\u00f6jligheter f\u00f6r framtiden.<\/p>\n\n\n\n<p style=\"font-size:15px\">Tillsammans skapar vi f\u00f6ruts\u00e4ttningar f\u00f6r smartare arbetss\u00e4tt, starkare tillv\u00e4xt och mer v\u00e4rde f\u00f6r b\u00e5de Kontorspartner och deras kunder.<\/p>\n\n\n\n<p><\/p>\n\n\n\n<p><\/p>\n\n\n\n<p class=\"has-medium-font-size\"><a href=\"http:\/\/dnexus.se\/?p=1110\" target=\"_blank\" rel=\"noreferrer noopener\">Tv\u00e5 avslutade projekt med<\/a><\/p>\n\n\n\n<figure class=\"wp-block-image size-full is-resized\"><img loading=\"lazy\" src=\"https:\/\/dnexus.se\/wp-content\/uploads\/2025\/09\/image-1.png\" alt=\"\" class=\"wp-image-1119\" width=\"179\" height=\"42\" srcset=\"https:\/\/dnexus.se\/wp-content\/uploads\/2025\/09\/image-1.png 1000w, https:\/\/dnexus.se\/wp-content\/uploads\/2025\/09\/image-1-300x70.png 300w, https:\/\/dnexus.se\/wp-content\/uploads\/2025\/09\/image-1-768x180.png 768w\" sizes=\"(max-width: 179px) 100vw, 179px\" \/><\/figure>\n\n\n\n<p style=\"font-size:15px\">Vi p\u00e5 DNexus har nyligen avslutat tv\u00e5 viktiga samarbeten med <a href=\"https:\/\/www.curest.se\/\">Curest<\/a> inom VR-rehabilitering.<\/p>\n\n\n\n<p style=\"font-size:15px\"><strong>Dataanalysplattform<\/strong><\/p>\n\n\n\n<p style=\"font-size:15px\">Inom projektet Digitalisering 2030 utvecklade vi en plattform som samlar och analyserar tr\u00e4ningsdata fr\u00e5n Curests VR-system. Plattformen ger v\u00e4rdefulla insikter om patientresultat, rehabiliteringseffektivitet och m\u00f6jligg\u00f6r framtida AI\/ML-analyser.<\/p>\n\n\n\n<p style=\"font-size:15px\"><strong>Patienthanteringsverktyg<\/strong><\/p>\n\n\n\n<p style=\"font-size:15px\">Vi byggde \u00e4ven en webbaserad app f\u00f6r patienthantering. Med s\u00e4ker inloggning, enkel registrering och kvalitetss\u00e4krad indata f\u00f6rb\u00e4ttras arbetsfl\u00f6dena och dashboards.<\/p>\n\n\n\n<p style=\"font-size:15px\"><strong>Samlad effekt<\/strong><\/p>\n\n\n\n<p style=\"font-size:15px\">Tillsammans skapar projekten en stark digital grund f\u00f6r Curest \u2013 med kvalitetss\u00e4krad data, b\u00e4ttre analysm\u00f6jligheter och f\u00f6rberedelse f\u00f6r framtida automatisering.<\/p>\n\n\n\n<p><\/p>\n\n\n\n<p><\/p>\n\n\n\n<p class=\"has-medium-font-size\"><a href=\"https:\/\/dnexus.se\/?p=861\">DNexus Insights launch Q1 2024<\/a><\/p>\n\n\n\n<p style=\"font-size:15px\">We are happy to share the launch of our DNexus Insights platform in Q1 2024. DNexus Insights will allow you to share and access your transformed data&nbsp; via insightful analysis, predictions, KPI dashboards and more. You share the data and we provide a robust analysis and BI platform.<br><br>Vi \u00e4r glada \u00f6ver att kunna dela lanseringen av v\u00e5r DNexus Insights-plattform under Q1 2024. DNexus Insights kommer att l\u00e5ta dig dela och komma \u00e5t din transformerade data via insiktsfull analys, f\u00f6ruts\u00e4gelser, KPI-dashboards och mer. Du delar data och vi tillhandah\u00e5ller en robust analys- och BI-plattform.<\/p>\n\n\n<div class=\"wp-block-post-excerpt has-medium-font-size\"><p class=\"wp-block-post-excerpt__excerpt\"><br><br> <\/p><\/div><\/div>\n<\/div>\n<\/div><\/div>\n<\/div><\/div>\n<\/div>\n<\/div><\/div>\n<\/div>\n<\/div><\/div>\n\n\n\n<div style=\"height:49px\" aria-hidden=\"true\" class=\"wp-block-spacer\"><\/div>\n\n\n<div class=\"wp-block-image is-style-rounded\">\n<figure class=\"aligncenter size-full is-resized\"><img loading=\"lazy\" src=\"https:\/\/dnexus.se\/wp-content\/uploads\/2025\/11\/robot-2.gif\" alt=\"\" class=\"wp-image-1309\" width=\"357\" height=\"241\"\/><figcaption>Tack f\u00f6r bes\u00f6ket! <br>P\u00e5 \u00e5terseende!<\/figcaption><\/figure><\/div>","protected":false},"excerpt":{"rendered":"","protected":false},"author":1,"featured_media":0,"parent":0,"menu_order":0,"comment_status":"closed","ping_status":"closed","template":"page-templates\/template-pagebuilder-full-width.php","meta":{"neve_meta_sidebar":"full-width","neve_meta_container":"contained","neve_meta_enable_content_width":"","neve_meta_content_width":70,"neve_meta_title_alignment":"","neve_meta_author_avatar":"","neve_post_elements_order":"","neve_meta_disable_header":"on","neve_meta_disable_footer":"on","neve_meta_disable_title":"on","_themeisle_gutenberg_block_has_review":false,"_ti_tpc_template_sync":false,"_ti_tpc_template_id":""},"_links":{"self":[{"href":"https:\/\/dnexus.se\/index.php?rest_route=\/wp\/v2\/pages\/645"}],"collection":[{"href":"https:\/\/dnexus.se\/index.php?rest_route=\/wp\/v2\/pages"}],"about":[{"href":"https:\/\/dnexus.se\/index.php?rest_route=\/wp\/v2\/types\/page"}],"author":[{"embeddable":true,"href":"https:\/\/dnexus.se\/index.php?rest_route=\/wp\/v2\/users\/1"}],"replies":[{"embeddable":true,"href":"https:\/\/dnexus.se\/index.php?rest_route=%2Fwp%2Fv2%2Fcomments&post=645"}],"version-history":[{"count":510,"href":"https:\/\/dnexus.se\/index.php?rest_route=\/wp\/v2\/pages\/645\/revisions"}],"predecessor-version":[{"id":1584,"href":"https:\/\/dnexus.se\/index.php?rest_route=\/wp\/v2\/pages\/645\/revisions\/1584"}],"wp:attachment":[{"href":"https:\/\/dnexus.se\/index.php?rest_route=%2Fwp%2Fv2%2Fmedia&parent=645"}],"curies":[{"name":"wp","href":"https:\/\/api.w.org\/{rel}","templated":true}]}}